{"id":29,"date":"2019-11-25T20:43:31","date_gmt":"2019-11-25T19:43:31","guid":{"rendered":"http:\/\/kolping-musikverein.de\/?page_id=29"},"modified":"2019-11-26T17:34:30","modified_gmt":"2019-11-26T16:34:30","slug":"kurzchronik","status":"publish","type":"page","link":"https:\/\/kolping-musikverein.de\/?page_id=29","title":{"rendered":"Kurzchronik"},"content":{"rendered":"\n<div class=\"wp-block-group\"><div class=\"wp-block-group__inner-container is-layout-flow wp-block-group-is-layout-flow\">\n<table cellspacing=\"3\" cellpadding=\"3\">\n\t <tr><td class=\"z\" width=\"10%\" >1975<\/td>\n\t\t<td  align='justify'>Oder wie alles begann<\/td><\/tr><tr><td>&nbsp;<\/td>\n\t\t<td>Im Februar 1975 wurde der Fanfarenzug der Kolpingfamilie Bad Lippspringe gegr\u00fcndet. 48 M\u00e4dchen und Jungen im Alter von 8 bis 16 Jahren wurden an Kavallerie-Fanfaren, Lyra, gro\u00dfer Trommel, Landsknechts- und Paradetrommeln ausgebildet. Anl\u00e4sslich des Kolping-Sommerfestes durften die jungen Musiker bereits am 7. August 1975 erstmals \u00f6ffentlich auftreten. Daran schlossen sich weitere Auftritte an, die bis heute noch fester Bestandteil im Jahresablauf der Musiker sind. Kaum 2 Jahre sp\u00e4ter ging der Fanfarenzug schon auf gro\u00dfe Reise nach Berlin. Viel Beifall erntete der Verein f\u00fcr seine Darbietung im Palais am Funkturm.\n1979 erfolgte der erste Wechsel in der musikalischen Leitung. Der Fanfarenzug entwuchs langsam den Kinderschuhen und w\u00e4hlte 1981 seinen ersten eigenen Vorstand. Die musikalische und kulturelle Rolle des Fanfarenzugs festigte sich immer mehr, so dass am 23. Oktober 1981 ein eigenes 1. Konzert unter dem Motto: <i>Die Musik kommt!<\/i> statt fand.\n<\/td><\/tr><\/table>\n<\/div><\/div>\n\n\n\n<div class=\"wp-block-image is-style-default\"><figure class=\"aligncenter size-large\"><img loading=\"lazy\" decoding=\"async\" width=\"517\" height=\"365\" src=\"https:\/\/kolping-musikverein.de\/wp-content\/uploads\/2019\/11\/1975.jpg\" alt=\"\" class=\"wp-image-277\" srcset=\"https:\/\/kolping-musikverein.de\/wp-content\/uploads\/2019\/11\/1975.jpg 517w, https:\/\/kolping-musikverein.de\/wp-content\/uploads\/2019\/11\/1975-300x212.jpg 300w\" sizes=\"auto, (max-width: 517px) 100vw, 517px\" \/><figcaption>Fanfarenzug 1975 vor dem Prinzenpalais<\/figcaption><\/figure><\/div>\n\n\n\n<table>\n <tr>\n  <td width=\"10%\" >1986<\/td>\n  <td>Der Fanfarenzug ist tot &#8211; es lebe das Trompetercorps<\/td>\n <\/tr>\n <tr>\n <td>&nbsp;<\/td><td><div>Da nach einem weiteren Wechsel der musikalischen Leitung 1983 und der Ausbildung auf B-Trompeten, Tenorh&ouml;rnern, Ventil- und Zugposaunen der Fanfarenzug immer weiter fortgeschritten war, konnten die Musiker einer Umbenennung nicht mehr aus dem  Wege gehen. So lautete\tes 1986: <i>Der Fanfarenzug ist tot! Es lebe das Trompetercorps der Kolpingfamilie Bad Lippspringe<\/i>. Doch das neue Gesicht zeigte sich nicht\tnur im neuen Namen; auch &auml;u&szlig;erlich investierten  die Musiker in neue Uniformen. Das Ziel: sich musikalisch zu verbessern\tund den Nachwuchs zu f&ouml;rdern und zu integrieren. Im November 1986 fand erstmals das Benefiz-Konzert zugunsten der Aktion Hilfe f&uuml;r krebskranke\tKinder statt. Diese Veranstaltung ist bis heute fester Bestandteil im Veranstaltungskalender unserer Badestadt.\tDie Weiterentwicklung des Trompetercorps zeigte sich jetzt auch durch den \t \nneuen Holzbl&auml;sersatz bestehend aus Querfl&ouml;ten, Klarinetten und  Saxophonen.<\/div>\n  <\/td>\n <\/tr>\n<\/table>\n\n\n\n\n\n\n<table><tr><td width=\"10%\">1995<\/td><td>Engagierte Mitglieder tragen zum Fortbestand des Vereins bei!<\/td><\/tr>\n\t<tr><td>&nbsp;<\/td><td><div>Zum Jahreswechsel 1990\/91 wechselte die musikalische Leitung ein weiteres Mal. Fast zeitgleich konnten durch die Aufl&ouml;sung des Trompetercorps der Sch&uuml;tzengesellschaft Horn 12 Musiker der heimischen Musikfamilie angeschlossen werden. Zu dem Musikverein Lauterbach\/Schwaben entstand 1992 eine Freundschaft, die bis heute noch\t Bestand hat. Das Klangbild und die Besetzung ver&auml;nderte sich immer mehr in Richtung Blasorchester, so dass 1993 der Name Trompetercorps durch Kolping Musikverein Bad Lippspringe ersetzt wurde. Das Niveau des Musikvereins steigerte\nsich immer weiter, was die gute Teilnahme an einem Wertungsspiel, sowie eine CD-Aufnahme anl&auml;sslich des 20-j&auml;hrigen Jubil&auml;ums belegen.<\/div><\/td><\/tr><\/table>\n\n\n\n<div class=\"wp-block-image\"><figure class=\"aligncenter size-large\"><img loading=\"lazy\" decoding=\"async\" width=\"520\" height=\"369\" src=\"https:\/\/kolping-musikverein.de\/wp-content\/uploads\/2019\/11\/1995.jpg\" alt=\"\" class=\"wp-image-278\" srcset=\"https:\/\/kolping-musikverein.de\/wp-content\/uploads\/2019\/11\/1995.jpg 520w, https:\/\/kolping-musikverein.de\/wp-content\/uploads\/2019\/11\/1995-300x213.jpg 300w\" sizes=\"auto, (max-width: 520px) 100vw, 520px\" \/><figcaption>Kolping Musikverein vor dem Prinzenpalais (1995)<\/figcaption><\/figure><\/div>\n\n\n\n\t<table><tr><td width=\"10%\">2000<\/td><td>Der Nachwuchs kommt!<\/td><\/tr><tr><td>&nbsp;<\/td>\n\t <td><div>Das Jahr 2000 stand ganz eindeutig unter dem Motto Nachwuchs. Wir konnten in diesem Jahr mehr als 20 neue zuk&uuml;nftige Mitglieder\t\tgewinnen, worauf wir sehr stolz sind. Der Nachwuchs stellte sein K&ouml;nnen auch gleich einem gro&szlig;en Publikum anl&auml;sslich des Benefiz-Konzertes\t\tf&uuml;r die Aktion f&uuml;r das krebs- uns schwerstkranke Kind zur Schau, was auf eine sehr gro&szlig;e Resonanz traf.<br>Der Kolping Musikverein konnte in diesem Jahr sein 25-j&auml;hriges Jubil&auml;um auf dem Sch&uuml;tzenplatz feiern. Dank des gro&szlig;en Nachwuchses hoffen wir auch\tdie n&auml;chsten\t25 Jahre zu meistern. Die Freundschaft zu dem Partnerverein Lauterbach\/Schwaben konnte in den letzten Jahren vertieft werden, was mehrere Besuche\tkleinerer Delegationen zu unseren Veranstaltungen deutlich zeigte. Ein\tGegenbesuch von unserer Seite erfolgt im Jahr 2002 anl&auml;sslich des Jubil&auml;ums unseres befreundeten Vereins und anl&auml;sslich unserer 10-j&auml;hrigen Freundschaft!<\/div><\/td><\/tr><\/table><\/td><\/tr><\/table>\n\n\n\n<div class=\"wp-block-image\"><figure class=\"aligncenter size-large\"><img loading=\"lazy\" decoding=\"async\" width=\"517\" height=\"363\" src=\"https:\/\/kolping-musikverein.de\/wp-content\/uploads\/2019\/11\/2000.jpg\" alt=\"\" class=\"wp-image-279\" srcset=\"https:\/\/kolping-musikverein.de\/wp-content\/uploads\/2019\/11\/2000.jpg 517w, https:\/\/kolping-musikverein.de\/wp-content\/uploads\/2019\/11\/2000-300x211.jpg 300w\" sizes=\"auto, (max-width: 517px) 100vw, 517px\" \/><figcaption><em>Kolping Musikverein vor dem Prinzenpalais (2000)<\/em><\/figcaption><\/figure><\/div>\n","protected":false},"excerpt":{"rendered":"<p>1975 Oder wie alles begann &nbsp; Im Februar 1975 wurde der Fanfarenzug der Kolpingfamilie Bad Lippspringe gegr\u00fcndet. 48 M\u00e4dchen und Jungen im Alter von 8 bis 16 Jahren wurden an Kavallerie-Fanfaren, Lyra, gro\u00dfer Trommel, Landsknechts- und Paradetrommeln ausgebildet. Anl\u00e4sslich des Kolping-Sommerfestes durften die jungen Musiker bereits am 7. August 1975 erstmals \u00f6ffentlich auftreten. Daran schlossen &hellip; <\/p>\n<p><a class=\"more-link btn\" href=\"https:\/\/kolping-musikverein.de\/?page_id=29\">Weiterlesen<\/a><\/p>\n","protected":false},"author":2,"featured_media":0,"parent":0,"menu_order":0,"comment_status":"closed","ping_status":"closed","template":"template-onecolumn.php","meta":{"ngg_post_thumbnail":0,"_mc_calendar":[],"footnotes":""},"class_list":["post-29","page","type-page","status-publish","hentry","nodate","item-wrap"],"_links":{"self":[{"href":"https:\/\/kolping-musikverein.de\/index.php?rest_route=\/wp\/v2\/pages\/29","targetHints":{"allow":["GET"]}}],"collection":[{"href":"https:\/\/kolping-musikverein.de\/index.php?rest_route=\/wp\/v2\/pages"}],"about":[{"href":"https:\/\/kolping-musikverein.de\/index.php?rest_route=\/wp\/v2\/types\/page"}],"author":[{"embeddable":true,"href":"https:\/\/kolping-musikverein.de\/index.php?rest_route=\/wp\/v2\/users\/2"}],"replies":[{"embeddable":true,"href":"https:\/\/kolping-musikverein.de\/index.php?rest_route=%2Fwp%2Fv2%2Fcomments&post=29"}],"version-history":[{"count":16,"href":"https:\/\/kolping-musikverein.de\/index.php?rest_route=\/wp\/v2\/pages\/29\/revisions"}],"predecessor-version":[{"id":300,"href":"https:\/\/kolping-musikverein.de\/index.php?rest_route=\/wp\/v2\/pages\/29\/revisions\/300"}],"wp:attachment":[{"href":"https:\/\/kolping-musikverein.de\/index.php?rest_route=%2Fwp%2Fv2%2Fmedia&parent=29"}],"curies":[{"name":"wp","href":"https:\/\/api.w.org\/{rel}","templated":true}]}}