{"id":49,"date":"2019-11-25T20:54:31","date_gmt":"2019-11-25T19:54:31","guid":{"rendered":"http:\/\/kolping-musikverein.de\/?page_id=49"},"modified":"2024-03-12T18:50:35","modified_gmt":"2024-03-12T17:50:35","slug":"startseite","status":"publish","type":"page","link":"https:\/\/kolping-musikverein.de\/?page_id=49","title":{"rendered":"Das Orchester"},"content":{"rendered":"\n<p>Liebe Musikfreundinnen und Freunde,<\/p>\n\n\n\n<p>im Namen des Kolping Musikvereins Bad Lippspringe begr\u00fc\u00dfe ich Sie auf unserer Homepage recht herzlich.<\/p>\n\n\n\n<p>Seit nunmehr fast 50 Jahren erklingt unsere Blasmusik zu allen weltlichen und kirchlichen Anl\u00e4ssen und ist weit \u00fcber die Kreisgrenzen Paderborns bekannt.<\/p>\n\n\n\n<p>Unter der Stabf\u00fchrung von Magnus Schr\u00f6der z\u00e4hlt der Verein derzeit 60 aktive Musikerinnen und Musiker im Alter von 14-70 Jahren. Dem pers\u00f6nlichen Einsatz aller Aktiven ist es zu verdanken, dass gerade in der heutigen Zeit ein gut funktionierendes Vereinsleben m\u00f6glich ist. Die gemeinsame Leidenschaft f\u00fcr die Musik und die Geselligkeit sind die elementaren Voraussetzungen, um die musikalische Vielfalt zu leben und weiterzuentwickeln.<\/p>\n\n\n\n<p>Herzlich bedanken m\u00f6chte ich mich bei allen ehemaligen Verantwortlichen, den Musikerinnen und Musikern und G\u00f6nnerinnen und G\u00f6nnern des Musikvereins, die mit ihrem unerm\u00fcdlichen Einsatz und ihrer Verbundenheit den Kolping Musikverein Bad Lippspringe \u00fcber Jahrzehnte gepr\u00e4gt haben.<\/p>\n\n\n\n<p>Ein besonderes Augenmerk gilt der Ausbildung und F\u00f6rderung der Jugend. Zurzeit befinden sich ca. 50 Jugendliche mit den unterschiedlichsten Instrumenten in einer Ausbildung.<\/p>\n\n\n\n<p>Das Jugendorchester unter der Leitung von Florian Gr\u00e4f bereitet die jungen Musikerinnen und Musiker auf den sp\u00e4teren Einsatz im gro\u00dfen Orchester vor.<\/p>\n\n\n\n<p>Einmal im Jahr stellen sich alle Aktiven in den Dienst der guten Sache. Im Jahr 2024 findet das 39. Benefizkonzert statt. Durch den Erl\u00f6s dieser Konzerte konnten bereits viele Projekte in der Umgebung unterst\u00fctzt und durchgef\u00fchrt werden.<\/p>\n\n\n\n<p>Ich w\u00fcnsche Ihnen nun viel Spa\u00df beim St\u00f6bern auf unserer Homepage und w\u00fcrde mich freuen, Sie pers\u00f6nlich w\u00e4hrend der Probe oder auf einer unserer Veranstaltungen begr\u00fc\u00dfen zu d\u00fcrfen.<\/p>\n\n\n\n<p class=\"has-text-align-left\">Herzliche Gr\u00fc\u00dfe<\/p>\n\n\n\n<p>Michael Kamp<\/p>\n\n\n\n<p>1. Vorsitzender<\/p>\n\n\n\n<hr class=\"wp-block-separator has-css-opacity\"\/>\n\n\n\n<figure class=\"wp-block-gallery has-nested-images columns-default is-cropped wp-block-gallery-1 is-layout-flex wp-block-gallery-is-layout-flex\">\n<figure class=\"wp-block-image size-large\"><img loading=\"lazy\" decoding=\"async\" width=\"1024\" height=\"425\" data-id=\"3888\" src=\"https:\/\/kolping-musikverein.de\/wp-content\/uploads\/2022\/11\/KolpingMVBL_AH267402Det_1920Pix-1024x425.jpg\" alt=\"\" class=\"wp-image-3888\" srcset=\"https:\/\/kolping-musikverein.de\/wp-content\/uploads\/2022\/11\/KolpingMVBL_AH267402Det_1920Pix-1024x425.jpg 1024w, https:\/\/kolping-musikverein.de\/wp-content\/uploads\/2022\/11\/KolpingMVBL_AH267402Det_1920Pix-300x124.jpg 300w, https:\/\/kolping-musikverein.de\/wp-content\/uploads\/2022\/11\/KolpingMVBL_AH267402Det_1920Pix-150x62.jpg 150w, https:\/\/kolping-musikverein.de\/wp-content\/uploads\/2022\/11\/KolpingMVBL_AH267402Det_1920Pix-768x318.jpg 768w, https:\/\/kolping-musikverein.de\/wp-content\/uploads\/2022\/11\/KolpingMVBL_AH267402Det_1920Pix-1536x637.jpg 1536w, https:\/\/kolping-musikverein.de\/wp-content\/uploads\/2022\/11\/KolpingMVBL_AH267402Det_1920Pix-750x311.jpg 750w, https:\/\/kolping-musikverein.de\/wp-content\/uploads\/2022\/11\/KolpingMVBL_AH267402Det_1920Pix.jpg 1920w\" sizes=\"auto, (max-width: 1024px) 100vw, 1024px\" \/><\/figure>\n<\/figure>\n","protected":false},"excerpt":{"rendered":"<p>Liebe Musikfreundinnen und Freunde, im Namen des Kolping Musikvereins Bad Lippspringe begr\u00fc\u00dfe ich Sie auf unserer Homepage recht herzlich. Seit nunmehr fast 50 Jahren erklingt unsere Blasmusik zu allen weltlichen und kirchlichen Anl\u00e4ssen und ist weit \u00fcber die Kreisgrenzen Paderborns bekannt. Unter der Stabf\u00fchrung von Magnus Schr\u00f6der z\u00e4hlt der Verein derzeit 60 aktive Musikerinnen und &hellip; <\/p>\n<p><a class=\"more-link btn\" href=\"https:\/\/kolping-musikverein.de\/?page_id=49\">Weiterlesen<\/a><\/p>\n","protected":false},"author":2,"featured_media":0,"parent":0,"menu_order":0,"comment_status":"closed","ping_status":"closed","template":"template-twocolumnsleft.php","meta":{"ngg_post_thumbnail":0,"_mc_calendar":[],"footnotes":""},"class_list":["post-49","page","type-page","status-publish","hentry","nodate","item-wrap"],"_links":{"self":[{"href":"https:\/\/kolping-musikverein.de\/index.php?rest_route=\/wp\/v2\/pages\/49","targetHints":{"allow":["GET"]}}],"collection":[{"href":"https:\/\/kolping-musikverein.de\/index.php?rest_route=\/wp\/v2\/pages"}],"about":[{"href":"https:\/\/kolping-musikverein.de\/index.php?rest_route=\/wp\/v2\/types\/page"}],"author":[{"embeddable":true,"href":"https:\/\/kolping-musikverein.de\/index.php?rest_route=\/wp\/v2\/users\/2"}],"replies":[{"embeddable":true,"href":"https:\/\/kolping-musikverein.de\/index.php?rest_route=%2Fwp%2Fv2%2Fcomments&post=49"}],"version-history":[{"count":21,"href":"https:\/\/kolping-musikverein.de\/index.php?rest_route=\/wp\/v2\/pages\/49\/revisions"}],"predecessor-version":[{"id":4035,"href":"https:\/\/kolping-musikverein.de\/index.php?rest_route=\/wp\/v2\/pages\/49\/revisions\/4035"}],"wp:attachment":[{"href":"https:\/\/kolping-musikverein.de\/index.php?rest_route=%2Fwp%2Fv2%2Fmedia&parent=49"}],"curies":[{"name":"wp","href":"https:\/\/api.w.org\/{rel}","templated":true}]}}