{"id":7,"date":"2019-11-25T12:39:41","date_gmt":"2019-11-25T11:39:41","guid":{"rendered":"http:\/\/kolping-musikverein.de\/?page_id=7"},"modified":"2021-01-20T10:22:30","modified_gmt":"2021-01-20T09:22:30","slug":"benefizkonzert","status":"publish","type":"page","link":"https:\/\/kolping-musikverein.de\/?page_id=7","title":{"rendered":"Benefizkonzert"},"content":{"rendered":"\n<div class=\"wp-block-image is-style-default\"><figure class=\"aligncenter size-large\"><img loading=\"lazy\" decoding=\"async\" width=\"1024\" height=\"683\" src=\"https:\/\/kolping-musikverein.de\/wp-content\/uploads\/2020\/10\/Auf-der-Buehne-im-Arminiuspark-spielte-das-Orchester-des-Kolping-Musikvereins-fuer-150-Zuhoerer-unter-freiem-Himmel_image_1024_width.jpg\" alt=\"\" class=\"wp-image-3591\" srcset=\"https:\/\/kolping-musikverein.de\/wp-content\/uploads\/2020\/10\/Auf-der-Buehne-im-Arminiuspark-spielte-das-Orchester-des-Kolping-Musikvereins-fuer-150-Zuhoerer-unter-freiem-Himmel_image_1024_width.jpg 1024w, https:\/\/kolping-musikverein.de\/wp-content\/uploads\/2020\/10\/Auf-der-Buehne-im-Arminiuspark-spielte-das-Orchester-des-Kolping-Musikvereins-fuer-150-Zuhoerer-unter-freiem-Himmel_image_1024_width-300x200.jpg 300w, https:\/\/kolping-musikverein.de\/wp-content\/uploads\/2020\/10\/Auf-der-Buehne-im-Arminiuspark-spielte-das-Orchester-des-Kolping-Musikvereins-fuer-150-Zuhoerer-unter-freiem-Himmel_image_1024_width-150x100.jpg 150w, https:\/\/kolping-musikverein.de\/wp-content\/uploads\/2020\/10\/Auf-der-Buehne-im-Arminiuspark-spielte-das-Orchester-des-Kolping-Musikvereins-fuer-150-Zuhoerer-unter-freiem-Himmel_image_1024_width-768x512.jpg 768w, https:\/\/kolping-musikverein.de\/wp-content\/uploads\/2020\/10\/Auf-der-Buehne-im-Arminiuspark-spielte-das-Orchester-des-Kolping-Musikvereins-fuer-150-Zuhoerer-unter-freiem-Himmel_image_1024_width-750x500.jpg 750w\" sizes=\"auto, (max-width: 1024px) 100vw, 1024px\" \/><figcaption>Benefizkonzert 2020<\/figcaption><\/figure><\/div>\n\n\n\n<figure class=\"wp-block-table alignleft\"><table><tbody><tr><td>Einmal im Jahr veranstaltet der Kolping Musikverein Bad Lippspringe an einem Wochenende im November ein Benefiz-Konzert im Kongresshaus zu Bad Lippspringe, zu Gunsten einer wohlt\u00e4tigen Organisation.<br>Dieser Auftritt z\u00e4hlt zu den Highlights jeder Saison, da die Musiker ein konzertantes und gr\u00f6\u00dftenteils sehr anspruchsvolles Programm pr\u00e4sentieren, mit bekannten St\u00fccken wie zum Beispiel dem <em>Kaiserwalzer<\/em> von J. Strauss, <em>Tirol 1809<\/em> von Sepp Tanzer oder <em>Oregon<\/em> von J. de Haan u.v.m., die sie seit den Sommerferien in m\u00fchsamer Kleinarbeit und vielen Satz- und Sonderproben sowie \u00dcbungsabenden einstudiert haben.<br>Folgende Gastvereine \/ Musiker stellten sich gemeinsamen mit den Badest\u00e4dter Musikern in den Dienst der guten Sache:  <ul><li>The Band of the Royal Dragoon Guards (1998)<\/li> <li>The Band of the Royal Dragoon Guards (1999) <\/li> <li>The Band of the Royal Lancers (2000) <\/li> <li>The Band of the Light Division (2001) <\/li> <li>The Band of the Royal Lancers (2002) <\/li> <li>The Band of the Corps of Royal Electrical and Mechanical Engineers (2003) <\/li> <li>The Band of the Royal Lancers (2004) <\/li> <li>Jugendchor &#8222;Sunbeam&#8220; (2005) <\/li> <li>Musikverein Sommersell (2006) <\/li> <\/ul> Seit dem Jahr 2007 bestreiten die Musiker des Kolping Musikvereins das komplette Programm des Benefizkonzertes, dabei werden Sie von den Musikern des Jugendorchesters tatkr\u00e4ftig unterst\u00fctzt. Im Jahr 2010 konnten der Kolping Musikverein sein 25. Benefizkonzert bestreiten. Aus diesem Anlass konnte Ulrike Wahren, Lehrbeauftragte f\u00fcr Popularmusik an der Hochschule f\u00fcr Musik in Detmold, als S\u00e4ngerin gewonnen werden. Mit ihrem vielf\u00e4ltigen Repertoire, das Jazz, Pop, Chanson und Musical umfasst, hat sich Ulrike Wahren in den letzten Jahren bundesweit einen Namen gemacht.<\/td><\/tr><\/tbody><\/table><\/figure>\n","protected":false},"excerpt":{"rendered":"<p>Einmal im Jahr veranstaltet der Kolping Musikverein Bad Lippspringe an einem Wochenende im November ein Benefiz-Konzert im Kongresshaus zu Bad Lippspringe, zu Gunsten einer wohlt\u00e4tigen Organisation.Dieser Auftritt z\u00e4hlt zu den Highlights jeder Saison, da die Musiker ein konzertantes und gr\u00f6\u00dftenteils sehr anspruchsvolles Programm pr\u00e4sentieren, mit bekannten St\u00fccken wie zum Beispiel dem Kaiserwalzer von J. Strauss, &hellip; <\/p>\n<p><a class=\"more-link btn\" href=\"https:\/\/kolping-musikverein.de\/?page_id=7\">Weiterlesen<\/a><\/p>\n","protected":false},"author":2,"featured_media":0,"parent":0,"menu_order":0,"comment_status":"closed","ping_status":"closed","template":"template-onecolumn.php","meta":{"ngg_post_thumbnail":0,"_mc_calendar":[],"footnotes":""},"class_list":["post-7","page","type-page","status-publish","hentry","nodate","item-wrap"],"_links":{"self":[{"href":"https:\/\/kolping-musikverein.de\/index.php?rest_route=\/wp\/v2\/pages\/7","targetHints":{"allow":["GET"]}}],"collection":[{"href":"https:\/\/kolping-musikverein.de\/index.php?rest_route=\/wp\/v2\/pages"}],"about":[{"href":"https:\/\/kolping-musikverein.de\/index.php?rest_route=\/wp\/v2\/types\/page"}],"author":[{"embeddable":true,"href":"https:\/\/kolping-musikverein.de\/index.php?rest_route=\/wp\/v2\/users\/2"}],"replies":[{"embeddable":true,"href":"https:\/\/kolping-musikverein.de\/index.php?rest_route=%2Fwp%2Fv2%2Fcomments&post=7"}],"version-history":[{"count":22,"href":"https:\/\/kolping-musikverein.de\/index.php?rest_route=\/wp\/v2\/pages\/7\/revisions"}],"predecessor-version":[{"id":3639,"href":"https:\/\/kolping-musikverein.de\/index.php?rest_route=\/wp\/v2\/pages\/7\/revisions\/3639"}],"wp:attachment":[{"href":"https:\/\/kolping-musikverein.de\/index.php?rest_route=%2Fwp%2Fv2%2Fmedia&parent=7"}],"curies":[{"name":"wp","href":"https:\/\/api.w.org\/{rel}","templated":true}]}}